{"id":147,"date":"2025-06-09T11:30:11","date_gmt":"2025-06-09T09:30:11","guid":{"rendered":"https:\/\/tsv-schornsheim.de\/index.php\/start-seite-2\/"},"modified":"2025-06-09T14:54:45","modified_gmt":"2025-06-09T12:54:45","slug":"rhm","status":"publish","type":"page","link":"https:\/\/tsv-schornsheim.de\/index.php\/rhm\/","title":{"rendered":"Rheinhessen-Mitte Jugend"},"content":{"rendered":"<div id=\"cs-content\" class=\"cs-content\"><div class=\"x-section e147-e1 m43-0\"><div class=\"x-row x-container max width e147-e2 m43-1 m43-3 m43-4\"><div class=\"x-row-inner\"><div class=\"x-col e147-e3 m43-b\"><div class=\"x-text x-text-headline e147-e4 m43-d m43-e m43-f m43-g\"><div class=\"x-text-content\"><div class=\"x-text-content-text\"><h1 class=\"x-text-content-text-primary\">Rheinhessen-Mitte<\/h1>\n<\/div><\/div><\/div><\/div><\/div><\/div><div class=\"x-row x-container max width e147-e5 m43-1 m43-3 m43-5\"><div class=\"x-row-inner\"><div class=\"x-col e147-e6 m43-b m43-c\"><span class=\"x-image e147-e7 m43-k\"><img decoding=\"async\" src=\"https:\/\/tsv-schornsheim.de\/wp-content\/uploads\/2025\/06\/471534683_122156214110315174_5022931795743697761_n.jpg\" width=\"283\" height=\"283\" alt=\"Image\" loading=\"lazy\"><\/span><\/div><\/div><\/div><div class=\"x-row x-container max width e147-e8 m43-1 m43-3 m43-6\"><div class=\"x-row-inner\"><div class=\"x-col e147-e9 m43-b\"><div class=\"x-text x-content e147-e10 m43-l m43-m\"><p class=\"has-text-align-center\"><strong>fairplay #teamgeist #spa&szlig;haben<\/strong><\/p>\n<p>Die drei Hashtags beschreiben unsere Philosophie in der Jugendabteilung! Wir vermitteln nicht nur fu&szlig;ballerische F&auml;higkeiten, sondern legen gro&szlig;en Wert auf Fairness und Respekt unserem Gegen&uuml;ber sowie Zusammenhalt innerhalb der Mannschaft aber auch innerhalb des Vereins.<\/p>\n<p>Jedes Kind soll sich bei uns wohlf&uuml;hlen, Freundschaften schlie&szlig;en und mit Freude am Sport wachsen. Gemeinsam als Team erleben wir Erfolge, meistern Herausforderungen und haben vor allem eines: jede Menge Spa&szlig;!<\/p><\/div><\/div><div class=\"x-col e147-e11 m43-b\"><div class=\"x-text x-content e147-e12 m43-l m43-m\"><p style=\"text-align: center;\"><strong>Drei Vereine \u2013 eine Jugendspielgemeinschaft<\/strong><\/p>\n<p>Im Sommer 2012 schlossen sich f\u00fcnf Vereine zum FJFV Rheinhessen-Mitte zusammen, um die Jugendarbeit gemeinsam zu st\u00e4rken. F\u00fcnf Jahre sp\u00e4ter wurde der FJFV in eine Jugendspielgemeinschaft (JSG) \u00fcberf\u00fchrt. Seit \u00fcber einem Jahrzehnt b\u00fcndeln nun die Jugendabteilungen des <strong><a href=\"https:\/\/fcudenheim.de\/jugend\/\">FC Udenheim,<\/a> TSV Schornsheim und der <a href=\"https:\/\/www.spiesheim.de\/vereine-gruppen\/sportgemeinde\/fussball.html\">SG Spiesheim<\/a><\/strong> ihre Kr\u00e4fte, um talentierten Nachwuchsspielern die bestm\u00f6gliche F\u00f6rderung und ein starkes Gemeinschaftsgef\u00fchl zu bieten.<\/p>\n\n<blockquote class=\"wp-block-quote has-base-background-color has-background is-layout-flow wp-block-quote-is-layout-flow\"><\/blockquote><\/div><\/div><\/div><\/div><div class=\"x-row x-container max width e147-e13 m43-1 m43-3 m43-7\"><div class=\"x-row-inner\"><div class=\"x-col e147-e14 m43-b m43-c\"><div class=\"x-text x-text-headline e147-e15 m43-d m43-e m43-h\"><div class=\"x-text-content\"><div class=\"x-text-content-text\"><h1 class=\"x-text-content-text-primary\">Wir freuen uns wenn Du uns auf Instagram und Facebook folgst<\/h1>\n<\/div><\/div><\/div><a class=\"x-anchor x-anchor-button has-graphic e147-e16 m43-o m43-p\" tabindex=\"0\" href=\"https:\/\/www.instagram.com\/jsg.rheinhessen.mitte\/\" target=\"_blank\" rel=\"noopener noreferrer\"><div class=\"x-anchor-content\"><span class=\"x-graphic\" aria-hidden=\"true\"><i class=\"x-icon x-graphic-child x-graphic-icon x-graphic-primary\" aria-hidden=\"true\" data-x-icon-b=\"&#xf16d;\"><\/i><\/span><\/div><\/a><a class=\"x-anchor x-anchor-button has-graphic e147-e17 m43-o m43-q\" tabindex=\"0\" href=\"https:\/\/www.facebook.com\/jsg.rheinhessen.mitte\" target=\"_blank\" rel=\"noopener noreferrer\"><div class=\"x-anchor-content\"><span class=\"x-graphic\" aria-hidden=\"true\"><i class=\"x-icon x-graphic-child x-graphic-icon x-graphic-primary\" aria-hidden=\"true\" data-x-icon-b=\"&#xf09a;\"><\/i><\/span><\/div><\/a><\/div><\/div><\/div><\/div><div class=\"x-section e147-e18 m43-0\"><div class=\"x-row x-container max width e147-e19 m43-1 m43-3 m43-8\"><div class=\"x-row-inner\"><div class=\"x-col e147-e20 m43-b\"><div class=\"x-text x-text-headline e147-e21 m43-d m43-e m43-g m43-i\"><div class=\"x-text-content\"><div class=\"x-text-content-text\"><h1 class=\"x-text-content-text-primary\">Training und Ansprechpartner<\/h1>\n<\/div><\/div><\/div><\/div><\/div><\/div><div class=\"x-row x-container max width e147-e22 m43-1 m43-2 m43-3 m43-9\"><div class=\"x-row-inner\"><div class=\"x-col e147-e23 m43-b\"><span class=\"x-image e147-e24 m43-k\"><img decoding=\"async\" src=\"https:\/\/tsv-schornsheim.de\/wp-content\/uploads\/2025\/06\/E-1jugend-1.png\" width=\"540\" height=\"960\" alt=\"Image\" loading=\"lazy\"><\/span><\/div><div class=\"x-col e147-e25 m43-b\"><span class=\"x-image e147-e26 m43-k\"><img decoding=\"async\" src=\"https:\/\/tsv-schornsheim.de\/wp-content\/uploads\/2025\/06\/E-jugend.png\" width=\"540\" height=\"960\" alt=\"Image\" loading=\"lazy\"><\/span><\/div><div class=\"x-col e147-e27 m43-b\"><span class=\"x-image e147-e28 m43-k\"><img decoding=\"async\" src=\"https:\/\/tsv-schornsheim.de\/wp-content\/uploads\/2025\/06\/F-1Jugend.png\" width=\"540\" height=\"960\" alt=\"Image\" loading=\"lazy\"><\/span><\/div><div class=\"x-col e147-e29 m43-b\"><span class=\"x-image e147-e30 m43-k\"><img decoding=\"async\" src=\"https:\/\/tsv-schornsheim.de\/wp-content\/uploads\/2025\/06\/f2.png\" width=\"540\" height=\"960\" alt=\"Image\" loading=\"lazy\"><\/span><\/div><div class=\"x-col e147-e31 m43-b\"><span class=\"x-image e147-e32 m43-k\"><img decoding=\"async\" src=\"https:\/\/tsv-schornsheim.de\/wp-content\/uploads\/2025\/06\/G-1Jugend.png\" width=\"540\" height=\"960\" alt=\"Image\" loading=\"lazy\"><\/span><\/div><div class=\"x-col e147-e33 m43-b\"><span class=\"x-image e147-e34 m43-k\"><img decoding=\"async\" src=\"https:\/\/tsv-schornsheim.de\/wp-content\/uploads\/2025\/06\/g2.png\" width=\"540\" height=\"960\" alt=\"Image\" loading=\"lazy\"><\/span><\/div><\/div><\/div><div class=\"x-row x-container max width e147-e35 m43-1 m43-3 m43-a\"><div class=\"x-row-inner\"><div class=\"x-col e147-e36 m43-b\"><div class=\"x-text x-text-headline e147-e37 m43-e m43-g m43-i m43-j\"><div class=\"x-text-content\"><div class=\"x-text-content-text\"><h1 class=\"x-text-content-text-primary\">Interesse geweckt? dann melde dich bei uns<\/h1>\n<\/div><\/div><\/div><div class=\"x-text x-content e147-e38 m43-m m43-n\"><p style=\"text-align: center;\">Dan Fitting\u2013 <a href=\"mailto:Vorstand@tsv-schornsheim.de\">Vorstand@tsv-schornsheim.de<\/a>\u2013 +49176 11919548<\/p><\/div><\/div><\/div><\/div><\/div><\/div>\n","protected":false},"excerpt":{"rendered":"<p>Rheinhessen-Mitte fairplay #teamgeist #spa&szlig;haben Die drei Hashtags beschreiben unsere Philosophie in der Jugendabteilung! Wir vermitteln nicht nur fu&szlig;ballerische F&auml;higkeiten, sondern legen gro&szlig;en Wert auf Fairness und Respekt unserem Gegen&uuml;ber sowie Zusammenhalt innerhalb der Mannschaft aber auch innerhalb des Vereins. Jedes Kind soll sich bei uns wohlf&uuml;hlen, Freundschaften schlie&szlig;en und mit Freude am Sport wachsen. Gemeinsam als Team erleben wir Erfolge,&hellip;<\/p>\n","protected":false},"author":2,"featured_media":0,"parent":0,"menu_order":0,"comment_status":"closed","ping_status":"closed","template":"template-blank-4.php","meta":{"footnotes":""},"class_list":["post-147","page","type-page","status-publish","hentry","no-post-thumbnail"],"_links":{"self":[{"href":"https:\/\/tsv-schornsheim.de\/index.php\/wp-json\/wp\/v2\/pages\/147","targetHints":{"allow":["GET"]}}],"collection":[{"href":"https:\/\/tsv-schornsheim.de\/index.php\/wp-json\/wp\/v2\/pages"}],"about":[{"href":"https:\/\/tsv-schornsheim.de\/index.php\/wp-json\/wp\/v2\/types\/page"}],"author":[{"embeddable":true,"href":"https:\/\/tsv-schornsheim.de\/index.php\/wp-json\/wp\/v2\/users\/2"}],"replies":[{"embeddable":true,"href":"https:\/\/tsv-schornsheim.de\/index.php\/wp-json\/wp\/v2\/comments?post=147"}],"version-history":[{"count":4,"href":"https:\/\/tsv-schornsheim.de\/index.php\/wp-json\/wp\/v2\/pages\/147\/revisions"}],"predecessor-version":[{"id":156,"href":"https:\/\/tsv-schornsheim.de\/index.php\/wp-json\/wp\/v2\/pages\/147\/revisions\/156"}],"wp:attachment":[{"href":"https:\/\/tsv-schornsheim.de\/index.php\/wp-json\/wp\/v2\/media?parent=147"}],"curies":[{"name":"wp","href":"https:\/\/api.w.org\/{rel}","templated":true}]}}